{"id":422,"date":"2023-01-30T22:25:57","date_gmt":"2023-01-30T21:25:57","guid":{"rendered":"https:\/\/bastian-bartels-golf.de\/bbgolf-pro\/?page_id=422"},"modified":"2023-01-30T22:49:10","modified_gmt":"2023-01-30T21:49:10","slug":"scope-video-system","status":"publish","type":"page","link":"https:\/\/bastian-bartels-golf.de\/bbgolf-pro\/scope-video-system\/","title":{"rendered":"Scope Video-System"},"content":{"rendered":"\t\t<div data-elementor-type=\"wp-page\" data-elementor-id=\"422\" class=\"elementor elementor-422\" data-elementor-post-type=\"page\">\n\t\t\t\t\t\t<section class=\"elementor-section elementor-top-section elementor-element elementor-element-708b4ac elementor-section-height-min-height elementor-section-boxed elementor-section-height-default elementor-section-items-middle\" data-id=\"708b4ac\" data-element_type=\"section\" data-e-type=\"section\" data-settings=\"{&quot;background_background&quot;:&quot;classic&quot;}\">\n\t\t\t\t\t\t<div class=\"elementor-container elementor-column-gap-default\">\n\t\t\t\t\t<div class=\"elementor-column elementor-col-100 elementor-top-column elementor-element elementor-element-102111a\" data-id=\"102111a\" data-element_type=\"column\" data-e-type=\"column\">\n\t\t\t<div class=\"elementor-widget-wrap\">\n\t\t\t\t\t\t\t<\/div>\n\t\t<\/div>\n\t\t\t\t\t<\/div>\n\t\t<\/section>\n\t\t\t\t<section class=\"elementor-section elementor-top-section elementor-element elementor-element-12925b9 elementor-section-boxed elementor-section-height-default elementor-section-height-default\" data-id=\"12925b9\" data-element_type=\"section\" data-e-type=\"section\">\n\t\t\t\t\t\t<div class=\"elementor-container elementor-column-gap-default\">\n\t\t\t\t\t<div class=\"elementor-column elementor-col-100 elementor-top-column elementor-element elementor-element-0f41b1c\" data-id=\"0f41b1c\" data-element_type=\"column\" data-e-type=\"column\">\n\t\t\t<div class=\"elementor-widget-wrap elementor-element-populated\">\n\t\t\t\t\t\t<div class=\"elementor-element elementor-element-03fbfa0 elementor-widget elementor-widget-heading\" data-id=\"03fbfa0\" data-element_type=\"widget\" data-e-type=\"widget\" data-widget_type=\"heading.default\">\n\t\t\t\t<div class=\"elementor-widget-container\">\n\t\t\t\t\t<h1 class=\"elementor-heading-title elementor-size-default\">Das Scope Video System<\/h1>\t\t\t\t<\/div>\n\t\t\t\t<\/div>\n\t\t\t\t<section class=\"elementor-section elementor-inner-section elementor-element elementor-element-a3ed2dc elementor-section-boxed elementor-section-height-default elementor-section-height-default\" data-id=\"a3ed2dc\" data-element_type=\"section\" data-e-type=\"section\">\n\t\t\t\t\t\t<div class=\"elementor-container elementor-column-gap-default\">\n\t\t\t\t\t<div class=\"elementor-column elementor-col-50 elementor-inner-column elementor-element elementor-element-723d98a\" data-id=\"723d98a\" data-element_type=\"column\" data-e-type=\"column\">\n\t\t\t<div class=\"elementor-widget-wrap elementor-element-populated\">\n\t\t\t\t\t\t<div class=\"elementor-element elementor-element-6a70310 elementor-widget elementor-widget-text-editor\" data-id=\"6a70310\" data-element_type=\"widget\" data-e-type=\"widget\" data-widget_type=\"text-editor.default\">\n\t\t\t\t<div class=\"elementor-widget-container\">\n\t\t\t\t\t\t\t\t\t<p>Golfunterricht auf hohem Niveau:<br \/>\u201eBilder sagen mehr als tausend Worte\u201c<\/p><p>Sehen und verstehen, eine neue Welt des Golfunterrichts er\u00f6ffnet sich mit dem Scope-Video-Analyse-System. Das Scope-Video-System hat bis zu 3 Kameras und zeichnet den Golfschwung in 85 echten Bildern pro Sekunde auf. Die hohe Qualit\u00e4t der Aufnahmen erm\u00f6glicht eine verst\u00e4ndliche Schwunganalyse.<\/p><p>Analysieren-Erkl\u00e4ren-Umsetzen<\/p><p>Ich arbeite seit fast einem Jahrzehnt mit dem Scope-System. In dieser Zeit habe ich Hunderte von Sch\u00fclern analysiert. Meiner Einsch\u00e4tzung nach ist das Scope-System f\u00fcr den Lehrer und Sch\u00fcler gleicherma\u00dfen wertvoll. Der Sch\u00fcler profitiert von der bildhaften Darstellung seiner Bewegung in beeindruckender Zeitlupe und Sch\u00e4rfe. Im Unterricht erkennt der Sch\u00fcler wesentlich schneller seinen Bewegungsablauf und die dadurch resultierenden Korrekturen und Zusammenh\u00e4nge.<\/p>\t\t\t\t\t\t\t\t<\/div>\n\t\t\t\t<\/div>\n\t\t\t\t<div class=\"elementor-element elementor-element-e18b19e elementor-widget elementor-widget-image\" data-id=\"e18b19e\" data-element_type=\"widget\" data-e-type=\"widget\" data-widget_type=\"image.default\">\n\t\t\t\t<div class=\"elementor-widget-container\">\n\t\t\t\t\t\t\t\t\t\t\t\t\t\t\t<img fetchpriority=\"high\" decoding=\"async\" width=\"640\" height=\"427\" src=\"https:\/\/bastian-bartels-golf.de\/bbgolf-pro\/wp-content\/uploads\/2023\/01\/max-gs1-2.jpeg\" class=\"attachment-large size-large wp-image-425\" alt=\"\" srcset=\"https:\/\/bastian-bartels-golf.de\/bbgolf-pro\/wp-content\/uploads\/2023\/01\/max-gs1-2.jpeg 640w, https:\/\/bastian-bartels-golf.de\/bbgolf-pro\/wp-content\/uploads\/2023\/01\/max-gs1-2-300x200.jpeg 300w\" sizes=\"(max-width: 640px) 100vw, 640px\" \/>\t\t\t\t\t\t\t\t\t\t\t\t\t\t\t<\/div>\n\t\t\t\t<\/div>\n\t\t\t\t\t<\/div>\n\t\t<\/div>\n\t\t\t\t<div class=\"elementor-column elementor-col-50 elementor-inner-column elementor-element elementor-element-8b3e0e2\" data-id=\"8b3e0e2\" data-element_type=\"column\" data-e-type=\"column\">\n\t\t\t<div class=\"elementor-widget-wrap elementor-element-populated\">\n\t\t\t\t\t\t<div class=\"elementor-element elementor-element-b877550 elementor-widget elementor-widget-image\" data-id=\"b877550\" data-element_type=\"widget\" data-e-type=\"widget\" data-widget_type=\"image.default\">\n\t\t\t\t<div class=\"elementor-widget-container\">\n\t\t\t\t\t\t\t\t\t\t\t\t\t\t\t<img decoding=\"async\" width=\"640\" height=\"427\" src=\"https:\/\/bastian-bartels-golf.de\/bbgolf-pro\/wp-content\/uploads\/2023\/01\/max-gs1-0.jpeg\" class=\"attachment-medium_large size-medium_large wp-image-306\" alt=\"Max und Bastian beim Training\" srcset=\"https:\/\/bastian-bartels-golf.de\/bbgolf-pro\/wp-content\/uploads\/2023\/01\/max-gs1-0.jpeg 640w, https:\/\/bastian-bartels-golf.de\/bbgolf-pro\/wp-content\/uploads\/2023\/01\/max-gs1-0-300x200.jpeg 300w\" sizes=\"(max-width: 640px) 100vw, 640px\" \/>\t\t\t\t\t\t\t\t\t\t\t\t\t\t\t<\/div>\n\t\t\t\t<\/div>\n\t\t\t\t<div class=\"elementor-element elementor-element-08fcd43 elementor-widget elementor-widget-text-editor\" data-id=\"08fcd43\" data-element_type=\"widget\" data-e-type=\"widget\" data-widget_type=\"text-editor.default\">\n\t\t\t\t<div class=\"elementor-widget-container\">\n\t\t\t\t\t\t\t\t\t<div class=\"one_half last \"><p>F\u00fcr mich als Golflehrer bietet das System den perfekten Einblick in die individuelle Bewegung meiner Sch\u00fcler. Der Golfschwung betr\u00e4gt in Echtzeit ca. 1 Sekunde. In dieser Zeit kann das menschliche Auge sich auf 1 oder 2 Grundbewegungen im Golfschwung konzentrieren. Das Scope-System zeichnet 85 Bilder pro Sekunde auf; somit sind individuelle Bewegungsmuster schnell erkannt und auf den Punkt gebracht.<\/p><p>Tour Pros aus Europa und den USA arbeiten mit Ihren Trainern ebenfalls mit diesem System.<\/p><p><b>Ich arbeite mit Ihnen nach meinem Prinzip \u201eAnalysieren-Erkl\u00e4ren-Umsetzen\u201c. Lassen Sie sich von meinem Golfkonzept \u00fcberzeugen<\/b>.<\/p><p>Nach jeder Video Analyse kann der Sch\u00fcler mittels USB Stick seine \u201eSchw\u00fcnge\u201c mit nach Hause nehmen und seine Fortschritte archivieren!<\/p><\/div>\t\t\t\t\t\t\t\t<\/div>\n\t\t\t\t<\/div>\n\t\t\t\t\t<\/div>\n\t\t<\/div>\n\t\t\t\t\t<\/div>\n\t\t<\/section>\n\t\t\t\t\t<\/div>\n\t\t<\/div>\n\t\t\t\t\t<\/div>\n\t\t<\/section>\n\t\t\t\t<section class=\"elementor-section elementor-top-section elementor-element elementor-element-76bcb07 elementor-section-boxed elementor-section-height-default elementor-section-height-default\" data-id=\"76bcb07\" data-element_type=\"section\" data-e-type=\"section\">\n\t\t\t\t\t\t<div class=\"elementor-container elementor-column-gap-default\">\n\t\t\t\t\t<div class=\"elementor-column elementor-col-100 elementor-top-column elementor-element elementor-element-0a77a59\" data-id=\"0a77a59\" data-element_type=\"column\" data-e-type=\"column\">\n\t\t\t<div class=\"elementor-widget-wrap elementor-element-populated\">\n\t\t\t\t\t\t<div class=\"elementor-element elementor-element-411a468 elementor-widget elementor-widget-gallery\" data-id=\"411a468\" data-element_type=\"widget\" data-e-type=\"widget\" data-settings=\"{&quot;gallery_layout&quot;:&quot;masonry&quot;,&quot;columns&quot;:3,&quot;gap&quot;:{&quot;unit&quot;:&quot;px&quot;,&quot;size&quot;:3,&quot;sizes&quot;:[]},&quot;lazyload&quot;:&quot;yes&quot;,&quot;columns_tablet&quot;:2,&quot;columns_mobile&quot;:1,&quot;gap_tablet&quot;:{&quot;unit&quot;:&quot;px&quot;,&quot;size&quot;:10,&quot;sizes&quot;:[]},&quot;gap_mobile&quot;:{&quot;unit&quot;:&quot;px&quot;,&quot;size&quot;:10,&quot;sizes&quot;:[]},&quot;link_to&quot;:&quot;file&quot;,&quot;overlay_background&quot;:&quot;yes&quot;,&quot;content_hover_animation&quot;:&quot;fade-in&quot;}\" data-widget_type=\"gallery.default\">\n\t\t\t\t<div class=\"elementor-widget-container\">\n\t\t\t\t\t\t\t<div class=\"elementor-gallery__container\">\n\t\t\t\t\t\t\t<a class=\"e-gallery-item elementor-gallery-item elementor-animated-content\" href=\"https:\/\/bastian-bartels-golf.de\/bbgolf-pro\/wp-content\/uploads\/2023\/01\/bb_scope_teile_k.png\" data-elementor-open-lightbox=\"yes\" data-elementor-lightbox-slideshow=\"411a468\" data-elementor-lightbox-title=\"Das Scope Video-System\" data-elementor-lightbox-description=\"Das Scope Video-System\" data-e-action-hash=\"#elementor-action%3Aaction%3Dlightbox%26settings%3DeyJpZCI6NDM0LCJ1cmwiOiJodHRwczpcL1wvYmFzdGlhbi1iYXJ0ZWxzLWdvbGYuZGVcL2JiZ29sZi1wcm9cL3dwLWNvbnRlbnRcL3VwbG9hZHNcLzIwMjNcLzAxXC9iYl9zY29wZV90ZWlsZV9rLnBuZyIsInNsaWRlc2hvdyI6IjQxMWE0NjgifQ%3D%3D\">\n\t\t\t\t\t<div class=\"e-gallery-image elementor-gallery-item__image\" data-thumbnail=\"https:\/\/bastian-bartels-golf.de\/bbgolf-pro\/wp-content\/uploads\/2023\/01\/bb_scope_teile_k-200x300.png\" data-width=\"200\" data-height=\"300\" aria-label=\"Das Scope Video-System\" role=\"img\" ><\/div>\n\t\t\t\t\t\t\t\t\t\t\t<div class=\"elementor-gallery-item__overlay\"><\/div>\n\t\t\t\t\t\t\t\t\t\t\t\t\t\t<\/a>\n\t\t\t\t\t\t\t<a class=\"e-gallery-item elementor-gallery-item elementor-animated-content\" href=\"https:\/\/bastian-bartels-golf.de\/bbgolf-pro\/wp-content\/uploads\/2023\/01\/scope300w_1.png\" data-elementor-open-lightbox=\"yes\" data-elementor-lightbox-slideshow=\"411a468\" data-elementor-lightbox-title=\"Das Scope Video-System\" data-elementor-lightbox-description=\"Das Scope Video-System\" data-e-action-hash=\"#elementor-action%3Aaction%3Dlightbox%26settings%3DeyJpZCI6NDM1LCJ1cmwiOiJodHRwczpcL1wvYmFzdGlhbi1iYXJ0ZWxzLWdvbGYuZGVcL2JiZ29sZi1wcm9cL3dwLWNvbnRlbnRcL3VwbG9hZHNcLzIwMjNcLzAxXC9zY29wZTMwMHdfMS5wbmciLCJzbGlkZXNob3ciOiI0MTFhNDY4In0%3D\">\n\t\t\t\t\t<div class=\"e-gallery-image elementor-gallery-item__image\" data-thumbnail=\"https:\/\/bastian-bartels-golf.de\/bbgolf-pro\/wp-content\/uploads\/2023\/01\/scope300w_1.png\" data-width=\"300\" data-height=\"200\" aria-label=\"Das Scope Video-System\" role=\"img\" ><\/div>\n\t\t\t\t\t\t\t\t\t\t\t<div class=\"elementor-gallery-item__overlay\"><\/div>\n\t\t\t\t\t\t\t\t\t\t\t\t\t\t<\/a>\n\t\t\t\t\t\t\t<a class=\"e-gallery-item elementor-gallery-item elementor-animated-content\" href=\"https:\/\/bastian-bartels-golf.de\/bbgolf-pro\/wp-content\/uploads\/2023\/01\/bb_nbscope_k.png\" data-elementor-open-lightbox=\"yes\" data-elementor-lightbox-slideshow=\"411a468\" data-elementor-lightbox-title=\"Das Scope Video-System\" data-elementor-lightbox-description=\"Das Scope Video-System\" data-e-action-hash=\"#elementor-action%3Aaction%3Dlightbox%26settings%3DeyJpZCI6NDMyLCJ1cmwiOiJodHRwczpcL1wvYmFzdGlhbi1iYXJ0ZWxzLWdvbGYuZGVcL2JiZ29sZi1wcm9cL3dwLWNvbnRlbnRcL3VwbG9hZHNcLzIwMjNcLzAxXC9iYl9uYnNjb3BlX2sucG5nIiwic2xpZGVzaG93IjoiNDExYTQ2OCJ9\">\n\t\t\t\t\t<div class=\"e-gallery-image elementor-gallery-item__image\" data-thumbnail=\"https:\/\/bastian-bartels-golf.de\/bbgolf-pro\/wp-content\/uploads\/2023\/01\/bb_nbscope_k-218x300.png\" data-width=\"218\" data-height=\"300\" aria-label=\"Das Scope Video-System\" role=\"img\" ><\/div>\n\t\t\t\t\t\t\t\t\t\t\t<div class=\"elementor-gallery-item__overlay\"><\/div>\n\t\t\t\t\t\t\t\t\t\t\t\t\t\t<\/a>\n\t\t\t\t\t\t\t<a class=\"e-gallery-item elementor-gallery-item elementor-animated-content\" href=\"https:\/\/bastian-bartels-golf.de\/bbgolf-pro\/wp-content\/uploads\/2023\/01\/max-gs1-2.jpeg\" data-elementor-open-lightbox=\"yes\" data-elementor-lightbox-slideshow=\"411a468\" data-elementor-lightbox-title=\"max-gs1-2\" data-e-action-hash=\"#elementor-action%3Aaction%3Dlightbox%26settings%3DeyJpZCI6NDI1LCJ1cmwiOiJodHRwczpcL1wvYmFzdGlhbi1iYXJ0ZWxzLWdvbGYuZGVcL2JiZ29sZi1wcm9cL3dwLWNvbnRlbnRcL3VwbG9hZHNcLzIwMjNcLzAxXC9tYXgtZ3MxLTIuanBlZyIsInNsaWRlc2hvdyI6IjQxMWE0NjgifQ%3D%3D\">\n\t\t\t\t\t<div class=\"e-gallery-image elementor-gallery-item__image\" data-thumbnail=\"https:\/\/bastian-bartels-golf.de\/bbgolf-pro\/wp-content\/uploads\/2023\/01\/max-gs1-2-300x200.jpeg\" data-width=\"300\" data-height=\"200\" aria-label=\"\" role=\"img\" ><\/div>\n\t\t\t\t\t\t\t\t\t\t\t<div class=\"elementor-gallery-item__overlay\"><\/div>\n\t\t\t\t\t\t\t\t\t\t\t\t\t\t<\/a>\n\t\t\t\t\t\t\t<a class=\"e-gallery-item elementor-gallery-item elementor-animated-content\" href=\"https:\/\/bastian-bartels-golf.de\/bbgolf-pro\/wp-content\/uploads\/2023\/01\/bb_notebook_scope_k.png\" data-elementor-open-lightbox=\"yes\" data-elementor-lightbox-slideshow=\"411a468\" data-elementor-lightbox-title=\"Das Scope Video-System\" data-elementor-lightbox-description=\"Das Scope Video-System\" data-e-action-hash=\"#elementor-action%3Aaction%3Dlightbox%26settings%3DeyJpZCI6NDMzLCJ1cmwiOiJodHRwczpcL1wvYmFzdGlhbi1iYXJ0ZWxzLWdvbGYuZGVcL2JiZ29sZi1wcm9cL3dwLWNvbnRlbnRcL3VwbG9hZHNcLzIwMjNcLzAxXC9iYl9ub3RlYm9va19zY29wZV9rLnBuZyIsInNsaWRlc2hvdyI6IjQxMWE0NjgifQ%3D%3D\">\n\t\t\t\t\t<div class=\"e-gallery-image elementor-gallery-item__image\" data-thumbnail=\"https:\/\/bastian-bartels-golf.de\/bbgolf-pro\/wp-content\/uploads\/2023\/01\/bb_notebook_scope_k-200x300.png\" data-width=\"200\" data-height=\"300\" aria-label=\"Das Scope Video-System\" role=\"img\" ><\/div>\n\t\t\t\t\t\t\t\t\t\t\t<div class=\"elementor-gallery-item__overlay\"><\/div>\n\t\t\t\t\t\t\t\t\t\t\t\t\t\t<\/a>\n\t\t\t\t\t<\/div>\n\t\t\t\t\t<\/div>\n\t\t\t\t<\/div>\n\t\t\t\t\t<\/div>\n\t\t<\/div>\n\t\t\t\t\t<\/div>\n\t\t<\/section>\n\t\t\t\t<\/div>\n\t\t","protected":false},"excerpt":{"rendered":"<p>Das Scope Video System Golfunterricht auf hohem Niveau:\u201eBilder sagen mehr als tausend Worte\u201c Sehen und verstehen, eine neue Welt des Golfunterrichts er\u00f6ffnet sich mit dem Scope-Video-Analyse-System. Das Scope-Video-System hat bis zu 3 Kameras und zeichnet den Golfschwung in 85 echten Bildern pro Sekunde auf. Die hohe Qualit\u00e4t der Aufnahmen erm\u00f6glicht eine verst\u00e4ndliche Schwunganalyse. Analysieren-Erkl\u00e4ren-Umsetzen Ich [&hellip;]<\/p>\n","protected":false},"author":1,"featured_media":0,"parent":0,"menu_order":0,"comment_status":"closed","ping_status":"closed","template":"","meta":{"inline_featured_image":false,"site-sidebar-layout":"no-sidebar","site-content-layout":"page-builder","ast-site-content-layout":"default","site-content-style":"default","site-sidebar-style":"default","ast-global-header-display":"","ast-banner-title-visibility":"","ast-main-header-display":"","ast-hfb-above-header-display":"","ast-hfb-below-header-display":"","ast-hfb-mobile-header-display":"","site-post-title":"disabled","ast-breadcrumbs-content":"","ast-featured-img":"disabled","footer-sml-layout":"","ast-disable-related-posts":"","theme-transparent-header-meta":"","adv-header-id-meta":"","stick-header-meta":"","header-above-stick-meta":"","header-main-stick-meta":"","header-below-stick-meta":"","astra-migrate-meta-layouts":"default","ast-page-background-enabled":"default","ast-page-background-meta":{"desktop":{"background-color":"var(--ast-global-color-4)","background-image":"","background-repeat":"repeat","background-position":"center center","background-size":"auto","background-attachment":"scroll","background-type":"","background-media":"","overlay-type":"","overlay-color":"","overlay-opacity":"","overlay-gradient":""},"tablet":{"background-color":"","background-image":"","background-repeat":"repeat","background-position":"center center","background-size":"auto","background-attachment":"scroll","background-type":"","background-media":"","overlay-type":"","overlay-color":"","overlay-opacity":"","overlay-gradient":""},"mobile":{"background-color":"","background-image":"","background-repeat":"repeat","background-position":"center center","background-size":"auto","background-attachment":"scroll","background-type":"","background-media":"","overlay-type":"","overlay-color":"","overlay-opacity":"","overlay-gradient":""}},"ast-content-background-meta":{"desktop":{"background-color":"var(--ast-global-color-5)","background-image":"","background-repeat":"repeat","background-position":"center center","background-size":"auto","background-attachment":"scroll","background-type":"","background-media":"","overlay-type":"","overlay-color":"","overlay-opacity":"","overlay-gradient":""},"tablet":{"background-color":"var(--ast-global-color-5)","background-image":"","background-repeat":"repeat","background-position":"center center","background-size":"auto","background-attachment":"scroll","background-type":"","background-media":"","overlay-type":"","overlay-color":"","overlay-opacity":"","overlay-gradient":""},"mobile":{"background-color":"var(--ast-global-color-5)","background-image":"","background-repeat":"repeat","background-position":"center center","background-size":"auto","background-attachment":"scroll","background-type":"","background-media":"","overlay-type":"","overlay-color":"","overlay-opacity":"","overlay-gradient":""}},"footnotes":""},"class_list":["post-422","page","type-page","status-publish","hentry"],"_links":{"self":[{"href":"https:\/\/bastian-bartels-golf.de\/bbgolf-pro\/wp-json\/wp\/v2\/pages\/422","targetHints":{"allow":["GET"]}}],"collection":[{"href":"https:\/\/bastian-bartels-golf.de\/bbgolf-pro\/wp-json\/wp\/v2\/pages"}],"about":[{"href":"https:\/\/bastian-bartels-golf.de\/bbgolf-pro\/wp-json\/wp\/v2\/types\/page"}],"author":[{"embeddable":true,"href":"https:\/\/bastian-bartels-golf.de\/bbgolf-pro\/wp-json\/wp\/v2\/users\/1"}],"replies":[{"embeddable":true,"href":"https:\/\/bastian-bartels-golf.de\/bbgolf-pro\/wp-json\/wp\/v2\/comments?post=422"}],"version-history":[{"count":0,"href":"https:\/\/bastian-bartels-golf.de\/bbgolf-pro\/wp-json\/wp\/v2\/pages\/422\/revisions"}],"wp:attachment":[{"href":"https:\/\/bastian-bartels-golf.de\/bbgolf-pro\/wp-json\/wp\/v2\/media?parent=422"}],"curies":[{"name":"wp","href":"https:\/\/api.w.org\/{rel}","templated":true}]}}